{"id":15355,"date":"2013-01-21T19:10:06","date_gmt":"2013-01-21T19:10:06","guid":{"rendered":"https:\/\/www.newfurnace.it\/about-us\/"},"modified":"2023-05-18T16:28:32","modified_gmt":"2023-05-18T14:28:32","slug":"about-us","status":"publish","type":"page","link":"https:\/\/www.newfurnace.it\/fr\/about-us\/","title":{"rendered":"About Us &#8211; FR"},"content":{"rendered":"<div class=\"fusion-fullwidth fullwidth-box fusion-builder-row-1 hundred-percent-fullwidth non-hundred-percent-height-scrolling\" style=\"--awb-border-radius-top-left:0px;--awb-border-radius-top-right:0px;--awb-border-radius-bottom-right:0px;--awb-border-radius-bottom-left:0px;--awb-overflow:visible;--awb-flex-wrap:wrap;\" ><div class=\"fusion-builder-row fusion-row\"><div class=\"fusion-layout-column fusion_builder_column fusion-builder-column-0 fusion_builder_column_1_1 1_1 fusion-one-full fusion-column-first fusion-column-last fusion-column-no-min-height\" style=\"--awb-bg-size:cover;--awb-margin-bottom:0px;\"><div class=\"fusion-column-wrapper fusion-flex-column-wrapper-legacy\"><div class=\"fusion-image-carousel fusion-image-carousel-auto fusion-image-carousel-1 fusion-carousel-border\"><div class=\"awb-carousel awb-swiper awb-swiper-carousel\" data-autoplay=\"yes\" data-columns=\"1\" data-itemmargin=\"0\" data-itemwidth=\"180\" data-touchscroll=\"no\" data-imagesize=\"auto\" data-scrollitems=\"1\" style=\"--awb-columns:1;--awb-column-spacing:0px;\"><div class=\"swiper-wrapper awb-image-carousel-wrapper fusion-flex-align-items-center\"><div class=\"swiper-slide\"><div class=\"fusion-carousel-item-wrapper\"><div class=\"fusion-image-wrapper hover-type-none\"><img decoding=\"async\" width=\"600\" height=\"400\" src=\"https:\/\/www.newfurnace.it\/wp-content\/uploads\/2023\/05\/team-600x400-1.jpg\" class=\"attachment-full size-full\" alt=\"\" srcset=\"https:\/\/www.newfurnace.it\/wp-content\/uploads\/2023\/05\/team-600x400-1-200x133.jpg 200w, https:\/\/www.newfurnace.it\/wp-content\/uploads\/2023\/05\/team-600x400-1-300x200.jpg 300w, https:\/\/www.newfurnace.it\/wp-content\/uploads\/2023\/05\/team-600x400-1-400x267.jpg 400w, https:\/\/www.newfurnace.it\/wp-content\/uploads\/2023\/05\/team-600x400-1-500x333.jpg 500w, https:\/\/www.newfurnace.it\/wp-content\/uploads\/2023\/05\/team-600x400-1.jpg 600w\" sizes=\"(max-width: 600px) 100vw, 600px\" \/><\/div><\/div><\/div><div class=\"swiper-slide\"><div class=\"fusion-carousel-item-wrapper\"><div class=\"fusion-image-wrapper hover-type-none\"><img decoding=\"async\" width=\"796\" height=\"344\" src=\"https:\/\/www.newfurnace.it\/wp-content\/uploads\/2019\/01\/team-3.jpg\" class=\"attachment-full size-full\" alt=\"\" srcset=\"https:\/\/www.newfurnace.it\/wp-content\/uploads\/2019\/01\/team-3-200x86.jpg 200w, https:\/\/www.newfurnace.it\/wp-content\/uploads\/2019\/01\/team-3-300x130.jpg 300w, https:\/\/www.newfurnace.it\/wp-content\/uploads\/2019\/01\/team-3-400x173.jpg 400w, https:\/\/www.newfurnace.it\/wp-content\/uploads\/2019\/01\/team-3-500x216.jpg 500w, https:\/\/www.newfurnace.it\/wp-content\/uploads\/2019\/01\/team-3-600x259.jpg 600w, https:\/\/www.newfurnace.it\/wp-content\/uploads\/2019\/01\/team-3-700x303.jpg 700w, https:\/\/www.newfurnace.it\/wp-content\/uploads\/2019\/01\/team-3-768x332.jpg 768w, https:\/\/www.newfurnace.it\/wp-content\/uploads\/2019\/01\/team-3.jpg 796w\" sizes=\"(max-width: 796px) 100vw, 796px\" \/><\/div><\/div><\/div><div class=\"swiper-slide\"><div class=\"fusion-carousel-item-wrapper\"><div class=\"fusion-image-wrapper hover-type-none\"><img decoding=\"async\" width=\"533\" height=\"400\" src=\"https:\/\/www.newfurnace.it\/wp-content\/uploads\/2019\/01\/team1.jpg\" class=\"attachment-full size-full\" alt=\"new furnace italia Srl\" srcset=\"https:\/\/www.newfurnace.it\/wp-content\/uploads\/2019\/01\/team1-200x150.jpg 200w, https:\/\/www.newfurnace.it\/wp-content\/uploads\/2019\/01\/team1-300x225.jpg 300w, https:\/\/www.newfurnace.it\/wp-content\/uploads\/2019\/01\/team1-400x300.jpg 400w, https:\/\/www.newfurnace.it\/wp-content\/uploads\/2019\/01\/team1-500x375.jpg 500w, https:\/\/www.newfurnace.it\/wp-content\/uploads\/2019\/01\/team1.jpg 533w\" sizes=\"(max-width: 533px) 100vw, 533px\" \/><\/div><\/div><\/div><div class=\"swiper-slide\"><div class=\"fusion-carousel-item-wrapper\"><div class=\"fusion-image-wrapper hover-type-none\"><img decoding=\"async\" width=\"600\" height=\"400\" src=\"https:\/\/www.newfurnace.it\/wp-content\/uploads\/2023\/05\/furgone-600x400-1.jpg\" class=\"attachment-full size-full\" alt=\"\" srcset=\"https:\/\/www.newfurnace.it\/wp-content\/uploads\/2023\/05\/furgone-600x400-1-200x133.jpg 200w, https:\/\/www.newfurnace.it\/wp-content\/uploads\/2023\/05\/furgone-600x400-1-300x200.jpg 300w, https:\/\/www.newfurnace.it\/wp-content\/uploads\/2023\/05\/furgone-600x400-1-400x267.jpg 400w, https:\/\/www.newfurnace.it\/wp-content\/uploads\/2023\/05\/furgone-600x400-1-500x333.jpg 500w, https:\/\/www.newfurnace.it\/wp-content\/uploads\/2023\/05\/furgone-600x400-1.jpg 600w\" sizes=\"(max-width: 600px) 100vw, 600px\" \/><\/div><\/div><\/div><div class=\"swiper-slide\"><div class=\"fusion-carousel-item-wrapper\"><div class=\"fusion-image-wrapper hover-type-none\"><img decoding=\"async\" width=\"600\" height=\"400\" src=\"https:\/\/www.newfurnace.it\/wp-content\/uploads\/2023\/05\/team2mon.jpg\" class=\"attachment-full size-full\" alt=\"\" srcset=\"https:\/\/www.newfurnace.it\/wp-content\/uploads\/2023\/05\/team2mon-200x133.jpg 200w, https:\/\/www.newfurnace.it\/wp-content\/uploads\/2023\/05\/team2mon-300x200.jpg 300w, https:\/\/www.newfurnace.it\/wp-content\/uploads\/2023\/05\/team2mon-400x267.jpg 400w, https:\/\/www.newfurnace.it\/wp-content\/uploads\/2023\/05\/team2mon-500x333.jpg 500w, https:\/\/www.newfurnace.it\/wp-content\/uploads\/2023\/05\/team2mon.jpg 600w\" sizes=\"(max-width: 600px) 100vw, 600px\" \/><\/div><\/div><\/div><\/div><div class=\"awb-swiper-button awb-swiper-button-prev\"><i class=\"awb-icon-angle-left\" aria-hidden=\"true\"><\/i><\/div><div class=\"awb-swiper-button awb-swiper-button-next\"><i class=\"awb-icon-angle-right\" aria-hidden=\"true\"><\/i><\/div><\/div><\/div><div class=\"fusion-sep-clear\"><\/div><div class=\"fusion-separator fusion-full-width-sep\" style=\"margin-left: auto;margin-right: auto;margin-top:30px;margin-bottom:30px;width:100%;\"><\/div><div class=\"fusion-sep-clear\"><\/div><div class=\"fusion-builder-row fusion-builder-row-inner fusion-row\"><div class=\"fusion-layout-column fusion_builder_column_inner fusion-builder-nested-column-0 fusion_builder_column_inner_3_4 3_4 fusion-three-fourth fusion-column-first\" style=\"--awb-bg-blend:overlay;--awb-bg-size:cover;width:75%;width:calc(75% - ( ( 4% ) * 0.75 ) );margin-right: 4%;\"><div class=\"fusion-column-wrapper fusion-flex-column-wrapper-legacy\"><div class=\"fusion-title title fusion-title-1 fusion-sep-none fusion-title-text fusion-title-size-two\"><h2 class=\"fusion-title-heading title-heading-left\" style=\"margin:0;\"><span lang=\"EN-US\" style=\"margin: 0px; color: #c00000; line-height: 107%; font-family: 'Century Gothic',sans-serif; font-size: 18pt;\">Nous sommes ici \u00e0 votre service<\/span><\/h2><\/div><div class=\"fusion-text fusion-text-1\"><p style=\"text-align: justify;\"><span lang=\"EN-US\" style=\"margin: 0px; color: #333333; font-family: 'Century Gothic',sans-serif; font-size: 14pt;\">New Furnace Italia a \u00e9t\u00e9 cr\u00e9\u00e9e en 1992 par M. Giovanni Carrettoni pou la construction de fours d&#8217;\u00e9maillage. Apr\u00e8s de nombreuse ann\u00e9es d&#8217;exp\u00e9rience, notre gamme de produits est \u00e9largie et compl\u00e8te avec de nombreux types de machines n\u00e9cessaires aux industries de l&#8217;\u00e9mail. Nous pouvons \u00e9galement fournir del lignes d&#8217;\u00e9maillage compl\u00e8tes cl\u00e9 en main.<\/span><\/p>\n<p style=\"text-align: justify;\"><span style=\"font-family: 'Century Gothic', sans-serif; font-size: 14pt;\">Notre service d&#8217;entretien et de r\u00e9paration s&#8217;occupe \u00e9galement du client dans les op\u00e9rations des machines.<\/span><\/p>\n<p style=\"text-align: justify;\"><span style=\"font-family: 'Century Gothic', sans-serif; font-size: 14pt;\">Depuis 2011, nous avons \u00e8galement obtenu la certification de qualit\u00e9 UNI EN ISO 9001-2008 et nous sommes membres de l&#8217;association italienne de l&#8217;\u00e9mail porcelaine C.I.S.P.<\/span><\/p>\n<\/div><div class=\"fusion-clearfix\"><\/div><\/div><\/div><div class=\"fusion-layout-column fusion_builder_column_inner fusion-builder-nested-column-1 fusion_builder_column_inner_1_4 1_4 fusion-one-fourth fusion-column-last\" style=\"--awb-bg-blend:overlay;--awb-bg-size:cover;width:25%;width:calc(25% - ( ( 4% ) * 0.25 ) );\"><div class=\"fusion-column-wrapper fusion-flex-column-wrapper-legacy\"><div class=\"fusion-title title fusion-title-2 fusion-sep-none fusion-title-text fusion-title-size-two\"><h2 class=\"fusion-title-heading title-heading-left\" style=\"margin:0;\">Our Crazy Skills<\/h2><\/div><div class=\"fusion-progressbar fusion-progressbar-text-on-bar\" style=\"--awb-filledcolor:#f44336;\"><div class=\"fusion-progressbar-bar progress-bar\"><div class=\"progress progress-bar-content\" style=\"width:0%;\" role=\"progressbar\" aria-labelledby=\"awb-progressbar-label-1\" aria-valuemin=\"0\" aria-valuemax=\"100\" aria-valuenow=\"100\"><\/div><\/div> <span class=\"progress-title\" style=\"right: calc(15px + 0%);\"><span class=\"fusion-progressbar-text\" id=\"awb-progressbar-label-1\">Porcelain enameling furnace<\/span> <\/span><\/div><div class=\"fusion-progressbar fusion-progressbar-text-on-bar\" style=\"--awb-filledcolor:#f44336;\"><div class=\"fusion-progressbar-bar progress-bar\"><div class=\"progress progress-bar-content\" style=\"width:0%;\" role=\"progressbar\" aria-labelledby=\"awb-progressbar-label-2\" aria-valuemin=\"0\" aria-valuemax=\"100\" aria-valuenow=\"100\"><\/div><\/div> <span class=\"progress-title\" style=\"right: calc(15px + 0%);\"><span class=\"fusion-progressbar-text\" id=\"awb-progressbar-label-2\">Technical assistance<\/span> <\/span><\/div><div class=\"fusion-progressbar fusion-progressbar-text-on-bar\" style=\"--awb-filledcolor:#f44336;\"><div class=\"fusion-progressbar-bar progress-bar\"><div class=\"progress progress-bar-content\" style=\"width:0%;\" role=\"progressbar\" aria-labelledby=\"awb-progressbar-label-3\" aria-valuemin=\"0\" aria-valuemax=\"100\" aria-valuenow=\"100\"><\/div><\/div> <span class=\"progress-title\" style=\"right: calc(15px + 0%);\"><span class=\"fusion-progressbar-text\" id=\"awb-progressbar-label-3\">Maintenance and spare parts<\/span> <\/span><\/div><div class=\"fusion-progressbar fusion-progressbar-text-on-bar\" style=\"--awb-filledcolor:#f44336;\"><div class=\"fusion-progressbar-bar progress-bar\"><div class=\"progress progress-bar-content\" style=\"width:0%;\" role=\"progressbar\" aria-labelledby=\"awb-progressbar-label-4\" aria-valuemin=\"0\" aria-valuemax=\"100\" aria-valuenow=\"100\"><\/div><\/div> <span class=\"progress-title\" style=\"right: calc(15px + 0%);\"><span class=\"fusion-progressbar-text\" id=\"awb-progressbar-label-4\">Complete enameling plant<\/span> <\/span><\/div><div class=\"fusion-clearfix\"><\/div><\/div><\/div><\/div><div class=\"fusion-sep-clear\"><\/div><div class=\"fusion-separator fusion-full-width-sep\" style=\"margin-left: auto;margin-right: auto;margin-top:10px;margin-bottom:10px;width:100%;\"><\/div><div class=\"fusion-sep-clear\"><\/div><div class=\"fusion-title title fusion-title-3 fusion-sep-none fusion-title-text fusion-title-size-two\"><h2 class=\"fusion-title-heading title-heading-left\" style=\"margin:0;\"><b><span lang=\"EN-US\" style=\"margin: 0px; color: #c00000; font-family: 'Georgia',serif; font-size: 24pt;\">Quelques bonnes raisons de nous choisir<\/span><\/b><\/h2><\/div><div class=\"fusion-sep-clear\"><\/div><div class=\"fusion-separator fusion-full-width-sep\" style=\"margin-left: auto;margin-right: auto;margin-top:20px;margin-bottom:20px;width:100%;\"><\/div><div class=\"fusion-sep-clear\"><\/div><div class=\"fusion-flip-boxes flip-boxes row fusion-columns-4 flip-effect-classic\"><div class=\"fusion-flip-box-wrapper fusion-column col-lg-3 col-md-3 col-sm-3\"><div class=\"fusion-flip-box flip-right\" tabindex=\"0\"><div class=\"flip-box-inner-wrapper\"><div class=\"flip-box-front\"><div class=\"flip-box-front-inner\"><div class=\"flip-box-grafix flip-box-circle\"><i aria-hidden=\"true\" class=\"fa-bell far\"><\/i><\/div><h2 class=\"flip-box-heading without-text\">Plus de 25 ans d'exp\u00e9rience<\/h2><\/div><\/div><div class=\"flip-box-back\" style=\"--awb-background-color-back:#f44336;\"><div class=\"flip-box-back-inner\"><h3 class=\"flip-box-heading-back\">Experience<\/h3>\n<p>We have more than 25 years experience in the enamel field and we have more than 120 enameling furnace running around the world!<\/p>\n<\/div><\/div><\/div><\/div><\/div><div class=\"fusion-flip-box-wrapper fusion-column col-lg-3 col-md-3 col-sm-3\"><div class=\"fusion-flip-box flip-right\" tabindex=\"0\"><div class=\"flip-box-inner-wrapper\"><div class=\"flip-box-front\"><div class=\"flip-box-front-inner\"><div class=\"flip-box-grafix flip-box-circle\"><i aria-hidden=\"true\" class=\"fa-bell far\"><\/i><\/div><h2 class=\"flip-box-heading without-text\">Qualit\u00e9<\/h2><\/div><\/div><div class=\"flip-box-back\" style=\"--awb-background-color-back:#f44336;\"><div class=\"flip-box-back-inner\"><h3 class=\"flip-box-heading-back\">ISO 9001 Certificate<\/h3>\n<p>We are proud to say that our Company is certify ISO 9001, we pay the maximum attention to the quality of our products and our people<\/p>\n<\/div><\/div><\/div><\/div><\/div><div class=\"fusion-flip-box-wrapper fusion-column col-lg-3 col-md-3 col-sm-3\"><div class=\"fusion-flip-box flip-right\" tabindex=\"0\"><div class=\"flip-box-inner-wrapper\"><div class=\"flip-box-front\"><div class=\"flip-box-front-inner\"><div class=\"flip-box-grafix flip-box-circle\"><i aria-hidden=\"true\" class=\"fa-bell far\"><\/i><\/div><h2 class=\"flip-box-heading without-text\">Innovation<\/h2><\/div><\/div><div class=\"flip-box-back\" style=\"--awb-background-color-back:#f44336;\"><div class=\"flip-box-back-inner\"><h3 class=\"flip-box-heading-back\">Innovation is everything<\/h3>\n<p>We are always improving our technology for help the environment and the useful of our machines for our Customers.<\/p>\n<\/div><\/div><\/div><\/div><\/div><div class=\"fusion-flip-box-wrapper fusion-column col-lg-3 col-md-3 col-sm-3\"><div class=\"fusion-flip-box flip-right\" tabindex=\"0\"><div class=\"flip-box-inner-wrapper\"><div class=\"flip-box-front\"><div class=\"flip-box-front-inner\"><div class=\"flip-box-grafix flip-box-circle\"><i aria-hidden=\"true\" class=\"fa-bell far\"><\/i><\/div><h2 class=\"flip-box-heading without-text\">Notre engagement<\/h2><\/div><\/div><div class=\"flip-box-back\" style=\"--awb-background-color-back:#f44336;\"><div class=\"flip-box-back-inner\"><h3 class=\"flip-box-heading-back\">Proud member of CISP<\/h3>\n<p>We are proud to be membership of the CISP and our President (Mr. Giuliano Carrettoni) is also member of the board of the association<\/p>\n<\/div><\/div><\/div><\/div><\/div><\/div><div class=\"clearfix\"><\/div><div class=\"fusion-clearfix\"><\/div><\/div><\/div><\/div><\/div>\n","protected":false},"excerpt":{"rendered":"","protected":false},"author":1,"featured_media":0,"parent":0,"menu_order":0,"comment_status":"open","ping_status":"closed","template":"","meta":{"footnotes":""},"class_list":["post-15355","page","type-page","status-publish","hentry"],"yoast_head":"<!-- This site is optimized with the Yoast SEO plugin v22.9 - https:\/\/yoast.com\/wordpress\/plugins\/seo\/ -->\n<title>About Us - FR - New Furnace Italia<\/title>\n<meta name=\"robots\" content=\"index, follow, max-snippet:-1, max-image-preview:large, max-video-preview:-1\" \/>\n<link rel=\"canonical\" href=\"https:\/\/www.newfurnace.it\/fr\/about-us\/\" \/>\n<meta property=\"og:locale\" content=\"fr_FR\" \/>\n<meta property=\"og:type\" content=\"article\" \/>\n<meta property=\"og:title\" content=\"About Us - FR - New Furnace Italia\" \/>\n<meta property=\"og:url\" content=\"https:\/\/www.newfurnace.it\/fr\/about-us\/\" \/>\n<meta property=\"og:site_name\" content=\"New Furnace Italia\" \/>\n<meta property=\"article:publisher\" content=\"https:\/\/www.facebook.com\/newfurnace.co\" \/>\n<meta property=\"article:modified_time\" content=\"2023-05-18T14:28:32+00:00\" \/>\n<meta name=\"twitter:card\" content=\"summary_large_image\" \/>\n<meta name=\"twitter:label1\" content=\"Dur\u00e9e de lecture estim\u00e9e\" \/>\n\t<meta name=\"twitter:data1\" content=\"10 minutes\" \/>\n<script type=\"application\/ld+json\" class=\"yoast-schema-graph\">{\"@context\":\"https:\/\/schema.org\",\"@graph\":[{\"@type\":\"WebPage\",\"@id\":\"https:\/\/www.newfurnace.it\/fr\/about-us\/\",\"url\":\"https:\/\/www.newfurnace.it\/fr\/about-us\/\",\"name\":\"About Us - FR - New Furnace Italia\",\"isPartOf\":{\"@id\":\"https:\/\/www.newfurnace.it\/fr\/#website\"},\"datePublished\":\"2013-01-21T19:10:06+00:00\",\"dateModified\":\"2023-05-18T14:28:32+00:00\",\"breadcrumb\":{\"@id\":\"https:\/\/www.newfurnace.it\/fr\/about-us\/#breadcrumb\"},\"inLanguage\":\"fr-FR\",\"potentialAction\":[{\"@type\":\"ReadAction\",\"target\":[\"https:\/\/www.newfurnace.it\/fr\/about-us\/\"]}]},{\"@type\":\"BreadcrumbList\",\"@id\":\"https:\/\/www.newfurnace.it\/fr\/about-us\/#breadcrumb\",\"itemListElement\":[{\"@type\":\"ListItem\",\"position\":1,\"name\":\"Home\",\"item\":\"https:\/\/www.newfurnace.it\/fr\/\"},{\"@type\":\"ListItem\",\"position\":2,\"name\":\"About Us &#8211; FR\"}]},{\"@type\":\"WebSite\",\"@id\":\"https:\/\/www.newfurnace.it\/fr\/#website\",\"url\":\"https:\/\/www.newfurnace.it\/fr\/\",\"name\":\"New Furnace Italia\",\"description\":\"Porcelain enamel furnace - enameling furnace - enameling plant\",\"publisher\":{\"@id\":\"https:\/\/www.newfurnace.it\/fr\/#organization\"},\"potentialAction\":[{\"@type\":\"SearchAction\",\"target\":{\"@type\":\"EntryPoint\",\"urlTemplate\":\"https:\/\/www.newfurnace.it\/fr\/?s={search_term_string}\"},\"query-input\":\"required name=search_term_string\"}],\"inLanguage\":\"fr-FR\"},{\"@type\":\"Organization\",\"@id\":\"https:\/\/www.newfurnace.it\/fr\/#organization\",\"name\":\"New Furnace Italia\",\"url\":\"https:\/\/www.newfurnace.it\/fr\/\",\"logo\":{\"@type\":\"ImageObject\",\"inLanguage\":\"fr-FR\",\"@id\":\"https:\/\/www.newfurnace.it\/fr\/#\/schema\/logo\/image\/\",\"url\":\"https:\/\/www.newfurnace.it\/wp-content\/uploads\/2018\/12\/Logo-new-furnace-H.jpg\",\"contentUrl\":\"https:\/\/www.newfurnace.it\/wp-content\/uploads\/2018\/12\/Logo-new-furnace-H.jpg\",\"width\":300,\"height\":300,\"caption\":\"New Furnace Italia\"},\"image\":{\"@id\":\"https:\/\/www.newfurnace.it\/fr\/#\/schema\/logo\/image\/\"},\"sameAs\":[\"https:\/\/www.facebook.com\/newfurnace.co\",\"https:\/\/www.instagram.com\/newfurnaceitalia\/\"]}]}<\/script>\n<!-- \/ Yoast SEO plugin. -->","yoast_head_json":{"title":"About Us - FR - New Furnace Italia","robots":{"index":"index","follow":"follow","max-snippet":"max-snippet:-1","max-image-preview":"max-image-preview:large","max-video-preview":"max-video-preview:-1"},"canonical":"https:\/\/www.newfurnace.it\/fr\/about-us\/","og_locale":"fr_FR","og_type":"article","og_title":"About Us - FR - New Furnace Italia","og_url":"https:\/\/www.newfurnace.it\/fr\/about-us\/","og_site_name":"New Furnace Italia","article_publisher":"https:\/\/www.facebook.com\/newfurnace.co","article_modified_time":"2023-05-18T14:28:32+00:00","twitter_card":"summary_large_image","twitter_misc":{"Dur\u00e9e de lecture estim\u00e9e":"10 minutes"},"schema":{"@context":"https:\/\/schema.org","@graph":[{"@type":"WebPage","@id":"https:\/\/www.newfurnace.it\/fr\/about-us\/","url":"https:\/\/www.newfurnace.it\/fr\/about-us\/","name":"About Us - FR - New Furnace Italia","isPartOf":{"@id":"https:\/\/www.newfurnace.it\/fr\/#website"},"datePublished":"2013-01-21T19:10:06+00:00","dateModified":"2023-05-18T14:28:32+00:00","breadcrumb":{"@id":"https:\/\/www.newfurnace.it\/fr\/about-us\/#breadcrumb"},"inLanguage":"fr-FR","potentialAction":[{"@type":"ReadAction","target":["https:\/\/www.newfurnace.it\/fr\/about-us\/"]}]},{"@type":"BreadcrumbList","@id":"https:\/\/www.newfurnace.it\/fr\/about-us\/#breadcrumb","itemListElement":[{"@type":"ListItem","position":1,"name":"Home","item":"https:\/\/www.newfurnace.it\/fr\/"},{"@type":"ListItem","position":2,"name":"About Us &#8211; FR"}]},{"@type":"WebSite","@id":"https:\/\/www.newfurnace.it\/fr\/#website","url":"https:\/\/www.newfurnace.it\/fr\/","name":"New Furnace Italia","description":"Porcelain enamel furnace - enameling furnace - enameling plant","publisher":{"@id":"https:\/\/www.newfurnace.it\/fr\/#organization"},"potentialAction":[{"@type":"SearchAction","target":{"@type":"EntryPoint","urlTemplate":"https:\/\/www.newfurnace.it\/fr\/?s={search_term_string}"},"query-input":"required name=search_term_string"}],"inLanguage":"fr-FR"},{"@type":"Organization","@id":"https:\/\/www.newfurnace.it\/fr\/#organization","name":"New Furnace Italia","url":"https:\/\/www.newfurnace.it\/fr\/","logo":{"@type":"ImageObject","inLanguage":"fr-FR","@id":"https:\/\/www.newfurnace.it\/fr\/#\/schema\/logo\/image\/","url":"https:\/\/www.newfurnace.it\/wp-content\/uploads\/2018\/12\/Logo-new-furnace-H.jpg","contentUrl":"https:\/\/www.newfurnace.it\/wp-content\/uploads\/2018\/12\/Logo-new-furnace-H.jpg","width":300,"height":300,"caption":"New Furnace Italia"},"image":{"@id":"https:\/\/www.newfurnace.it\/fr\/#\/schema\/logo\/image\/"},"sameAs":["https:\/\/www.facebook.com\/newfurnace.co","https:\/\/www.instagram.com\/newfurnaceitalia\/"]}]}},"_links":{"self":[{"href":"https:\/\/www.newfurnace.it\/fr\/wp-json\/wp\/v2\/pages\/15355","targetHints":{"allow":["GET"]}}],"collection":[{"href":"https:\/\/www.newfurnace.it\/fr\/wp-json\/wp\/v2\/pages"}],"about":[{"href":"https:\/\/www.newfurnace.it\/fr\/wp-json\/wp\/v2\/types\/page"}],"author":[{"embeddable":true,"href":"https:\/\/www.newfurnace.it\/fr\/wp-json\/wp\/v2\/users\/1"}],"replies":[{"embeddable":true,"href":"https:\/\/www.newfurnace.it\/fr\/wp-json\/wp\/v2\/comments?post=15355"}],"version-history":[{"count":5,"href":"https:\/\/www.newfurnace.it\/fr\/wp-json\/wp\/v2\/pages\/15355\/revisions"}],"predecessor-version":[{"id":15369,"href":"https:\/\/www.newfurnace.it\/fr\/wp-json\/wp\/v2\/pages\/15355\/revisions\/15369"}],"wp:attachment":[{"href":"https:\/\/www.newfurnace.it\/fr\/wp-json\/wp\/v2\/media?parent=15355"}],"curies":[{"name":"wp","href":"https:\/\/api.w.org\/{rel}","templated":true}]}}